{"id":2517,"date":"2019-12-12T13:24:09","date_gmt":"2019-12-12T12:24:09","guid":{"rendered":"https:\/\/www.terredelmarchesato.com\/vini-e-prodotti\/papeo\/"},"modified":"2023-05-22T15:57:51","modified_gmt":"2023-05-22T13:57:51","slug":"papeo","status":"publish","type":"page","link":"https:\/\/www.terredelmarchesato.com\/de\/vini-e-prodotti\/papeo\/","title":{"rendered":"Papeo"},"content":{"rendered":"<p>Papeo ist ein Wei\u00dfwein, der in einem gro\u00dfartigen Rotweinvinifikationsverfahren durch eine Traubenschalenmazeration in F\u00e4ssern hergestellt wird. Ein eleganter und komplexer Wein, der sich durch seine umh\u00fcllende, sanfte Cremigkeit auszeichnet.<\/p>\n<p>Papeo tr\u00e4gt den Namen eines H\u00fcgels, der zwischen Bolgheri und Monteverdi auf 400 Meter \u00fcber dem Meeresspiegel liegt. An diesem Ort, der in Maurizios Kindheitserinnerungen einen ganz besonderen Platz eingenommen hat, kletterte er in den Wintertagen mit seinem Gro\u00dfvater Emilio herum, um Holz f\u00fcr den Ofen zu sammeln.<\/p>\n<p>Geboren 2006 als IGT Toscana, dank der Alterung der Vermentino-Weinberge, wurde es ab 2019 zum DOC Bolgheri erhoben.<\/p>\n","protected":false},"excerpt":{"rendered":"<p>Papeo ist ein Wei\u00dfwein, der in einem gro\u00dfartigen Rotweinvinifikationsverfahren durch eine Traubenschalenmazeration in F\u00e4ssern hergestellt wird. Ein eleganter und komplexer Wein, der sich durch seine [&hellip;]<\/p>\n","protected":false},"author":1,"featured_media":354,"parent":2442,"menu_order":35,"comment_status":"closed","ping_status":"closed","template":"tpl-product-info.php","meta":{"_expiration-date-status":"","_expiration-date":0,"_expiration-date-type":"","_expiration-date-categories":[],"_expiration-date-options":[]},"acf":[],"yoast_head":"<!-- This site is optimized with the Yoast SEO plugin v20.2.1 - https:\/\/yoast.com\/wordpress\/plugins\/seo\/ -->\n<title>Papeo - Terre del Marchesato<\/title>\n<meta name=\"robots\" content=\"index, follow, max-snippet:-1, max-image-preview:large, max-video-preview:-1\" \/>\n<link rel=\"canonical\" href=\"https:\/\/www.terredelmarchesato.com\/de\/vini-e-prodotti\/papeo\/\" \/>\n<meta property=\"og:locale\" content=\"de_DE\" \/>\n<meta property=\"og:type\" content=\"article\" \/>\n<meta property=\"og:title\" content=\"Papeo - Terre del Marchesato\" \/>\n<meta property=\"og:description\" content=\"Papeo ist ein Wei\u00dfwein, der in einem gro\u00dfartigen Rotweinvinifikationsverfahren durch eine Traubenschalenmazeration in F\u00e4ssern hergestellt wird. Ein eleganter und komplexer Wein, der sich durch seine [&hellip;]\" \/>\n<meta property=\"og:url\" content=\"https:\/\/www.terredelmarchesato.com\/de\/vini-e-prodotti\/papeo\/\" \/>\n<meta property=\"og:site_name\" content=\"Terre del Marchesato\" \/>\n<meta property=\"article:publisher\" content=\"https:\/\/www.facebook.com\/terredelmarchesato\/\" \/>\n<meta property=\"article:modified_time\" content=\"2023-05-22T13:57:51+00:00\" \/>\n<meta property=\"og:image\" content=\"https:\/\/www.terredelmarchesato.com\/wp-content\/uploads\/2019\/12\/DSC_8229-copia-scaled.jpg\" \/>\n\t<meta property=\"og:image:width\" content=\"2560\" \/>\n\t<meta property=\"og:image:height\" content=\"1707\" \/>\n\t<meta property=\"og:image:type\" content=\"image\/jpeg\" \/>\n<meta name=\"twitter:card\" content=\"summary_large_image\" \/>\n<meta name=\"twitter:site\" content=\"@TerreMarchesato\" \/>\n<meta name=\"twitter:label1\" content=\"Gesch\u00e4tzte Lesezeit\" \/>\n\t<meta name=\"twitter:data1\" content=\"1 Minute\" \/>\n<script type=\"application\/ld+json\" class=\"yoast-schema-graph\">{\"@context\":\"https:\/\/schema.org\",\"@graph\":[{\"@type\":\"WebPage\",\"@id\":\"https:\/\/www.terredelmarchesato.com\/de\/vini-e-prodotti\/papeo\/\",\"url\":\"https:\/\/www.terredelmarchesato.com\/de\/vini-e-prodotti\/papeo\/\",\"name\":\"Papeo - Terre del Marchesato\",\"isPartOf\":{\"@id\":\"https:\/\/www.terredelmarchesato.com\/#website\"},\"datePublished\":\"2019-12-12T12:24:09+00:00\",\"dateModified\":\"2023-05-22T13:57:51+00:00\",\"breadcrumb\":{\"@id\":\"https:\/\/www.terredelmarchesato.com\/de\/vini-e-prodotti\/papeo\/#breadcrumb\"},\"inLanguage\":\"de-DE\",\"potentialAction\":[{\"@type\":\"ReadAction\",\"target\":[\"https:\/\/www.terredelmarchesato.com\/de\/vini-e-prodotti\/papeo\/\"]}]},{\"@type\":\"BreadcrumbList\",\"@id\":\"https:\/\/www.terredelmarchesato.com\/de\/vini-e-prodotti\/papeo\/#breadcrumb\",\"itemListElement\":[{\"@type\":\"ListItem\",\"position\":1,\"name\":\"Weine und Produkte\",\"item\":\"https:\/\/www.terredelmarchesato.com\/de\/vini-e-prodotti\/\"},{\"@type\":\"ListItem\",\"position\":2,\"name\":\"Papeo\"}]},{\"@type\":\"WebSite\",\"@id\":\"https:\/\/www.terredelmarchesato.com\/#website\",\"url\":\"https:\/\/www.terredelmarchesato.com\/\",\"name\":\"Terre del Marchesato\",\"description\":\"Famiglia Fuselli - Bolgheri\",\"potentialAction\":[{\"@type\":\"SearchAction\",\"target\":{\"@type\":\"EntryPoint\",\"urlTemplate\":\"https:\/\/www.terredelmarchesato.com\/?s={search_term_string}\"},\"query-input\":\"required name=search_term_string\"}],\"inLanguage\":\"de-DE\"}]}<\/script>\n<!-- \/ Yoast SEO plugin. -->","yoast_head_json":{"title":"Papeo - Terre del Marchesato","robots":{"index":"index","follow":"follow","max-snippet":"max-snippet:-1","max-image-preview":"max-image-preview:large","max-video-preview":"max-video-preview:-1"},"canonical":"https:\/\/www.terredelmarchesato.com\/de\/vini-e-prodotti\/papeo\/","og_locale":"de_DE","og_type":"article","og_title":"Papeo - Terre del Marchesato","og_description":"Papeo ist ein Wei\u00dfwein, der in einem gro\u00dfartigen Rotweinvinifikationsverfahren durch eine Traubenschalenmazeration in F\u00e4ssern hergestellt wird. Ein eleganter und komplexer Wein, der sich durch seine [&hellip;]","og_url":"https:\/\/www.terredelmarchesato.com\/de\/vini-e-prodotti\/papeo\/","og_site_name":"Terre del Marchesato","article_publisher":"https:\/\/www.facebook.com\/terredelmarchesato\/","article_modified_time":"2023-05-22T13:57:51+00:00","og_image":[{"width":"2560","height":"1707","url":"https:\/\/www.terredelmarchesato.com\/wp-content\/uploads\/2019\/12\/DSC_8229-copia-scaled.jpg","type":"image\/jpeg"}],"twitter_card":"summary_large_image","twitter_site":"@TerreMarchesato","twitter_misc":{"Gesch\u00e4tzte Lesezeit":"1 Minute"},"schema":{"@context":"https:\/\/schema.org","@graph":[{"@type":"WebPage","@id":"https:\/\/www.terredelmarchesato.com\/de\/vini-e-prodotti\/papeo\/","url":"https:\/\/www.terredelmarchesato.com\/de\/vini-e-prodotti\/papeo\/","name":"Papeo - Terre del Marchesato","isPartOf":{"@id":"https:\/\/www.terredelmarchesato.com\/#website"},"datePublished":"2019-12-12T12:24:09+00:00","dateModified":"2023-05-22T13:57:51+00:00","breadcrumb":{"@id":"https:\/\/www.terredelmarchesato.com\/de\/vini-e-prodotti\/papeo\/#breadcrumb"},"inLanguage":"de-DE","potentialAction":[{"@type":"ReadAction","target":["https:\/\/www.terredelmarchesato.com\/de\/vini-e-prodotti\/papeo\/"]}]},{"@type":"BreadcrumbList","@id":"https:\/\/www.terredelmarchesato.com\/de\/vini-e-prodotti\/papeo\/#breadcrumb","itemListElement":[{"@type":"ListItem","position":1,"name":"Weine und Produkte","item":"https:\/\/www.terredelmarchesato.com\/de\/vini-e-prodotti\/"},{"@type":"ListItem","position":2,"name":"Papeo"}]},{"@type":"WebSite","@id":"https:\/\/www.terredelmarchesato.com\/#website","url":"https:\/\/www.terredelmarchesato.com\/","name":"Terre del Marchesato","description":"Famiglia Fuselli - Bolgheri","potentialAction":[{"@type":"SearchAction","target":{"@type":"EntryPoint","urlTemplate":"https:\/\/www.terredelmarchesato.com\/?s={search_term_string}"},"query-input":"required name=search_term_string"}],"inLanguage":"de-DE"}]}},"_links":{"self":[{"href":"https:\/\/www.terredelmarchesato.com\/de\/wp-json\/wp\/v2\/pages\/2517"}],"collection":[{"href":"https:\/\/www.terredelmarchesato.com\/de\/wp-json\/wp\/v2\/pages"}],"about":[{"href":"https:\/\/www.terredelmarchesato.com\/de\/wp-json\/wp\/v2\/types\/page"}],"author":[{"embeddable":true,"href":"https:\/\/www.terredelmarchesato.com\/de\/wp-json\/wp\/v2\/users\/1"}],"replies":[{"embeddable":true,"href":"https:\/\/www.terredelmarchesato.com\/de\/wp-json\/wp\/v2\/comments?post=2517"}],"version-history":[{"count":9,"href":"https:\/\/www.terredelmarchesato.com\/de\/wp-json\/wp\/v2\/pages\/2517\/revisions"}],"predecessor-version":[{"id":8160,"href":"https:\/\/www.terredelmarchesato.com\/de\/wp-json\/wp\/v2\/pages\/2517\/revisions\/8160"}],"up":[{"embeddable":true,"href":"https:\/\/www.terredelmarchesato.com\/de\/wp-json\/wp\/v2\/pages\/2442"}],"wp:featuredmedia":[{"embeddable":true,"href":"https:\/\/www.terredelmarchesato.com\/de\/wp-json\/wp\/v2\/media\/354"}],"wp:attachment":[{"href":"https:\/\/www.terredelmarchesato.com\/de\/wp-json\/wp\/v2\/media?parent=2517"}],"curies":[{"name":"wp","href":"https:\/\/api.w.org\/{rel}","templated":true}]}}