{"id":2538,"date":"2019-12-12T13:25:49","date_gmt":"2019-12-12T12:25:49","guid":{"rendered":"https:\/\/www.terredelmarchesato.com\/vini-e-prodotti\/grappa\/"},"modified":"2025-06-06T11:00:05","modified_gmt":"2025-06-06T09:00:05","slug":"grappa","status":"publish","type":"page","link":"https:\/\/www.terredelmarchesato.com\/de\/vini-e-prodotti\/grappa\/","title":{"rendered":"Grappa"},"content":{"rendered":"<p>Er stammt aus der Destillation unserer speziell ausgew\u00e4hlten frischen Trester, die noch am selben Tag nach dem Pressen in die Brennerei Nannoni gebracht werden. Die Destillation in einer diskontinuierlichen Brennblase wird nur f\u00fcr unsere Charge durchgef\u00fchrt.<\/p>\n<p>Nur durch die gro\u00dfe Kunst der handwerklichen Destillation und die absolute Qualit\u00e4t der Marken erhalten wir ein so exzellentes Produkt mit hoher Ausgewogenheit, Eleganz und Aromen, das ordnungsgem\u00e4\u00df in franz\u00f6sischen Eichenf\u00e4ssern gereift ist.<\/p>\n","protected":false},"excerpt":{"rendered":"<p>Er stammt aus der Destillation unserer speziell ausgew\u00e4hlten frischen Trester, die noch am selben Tag nach dem Pressen in die Brennerei Nannoni gebracht werden. Die [&hellip;]<\/p>\n","protected":false},"author":1,"featured_media":346,"parent":2442,"menu_order":50,"comment_status":"closed","ping_status":"closed","template":"tpl-product-info.php","meta":{"_expiration-date-status":"","_expiration-date":0,"_expiration-date-type":"","_expiration-date-categories":[],"_expiration-date-options":[]},"acf":[],"yoast_head":"<!-- This site is optimized with the Yoast SEO plugin v20.2.1 - https:\/\/yoast.com\/wordpress\/plugins\/seo\/ -->\n<title>Grappa - Terre del Marchesato<\/title>\n<meta name=\"robots\" content=\"index, follow, max-snippet:-1, max-image-preview:large, max-video-preview:-1\" \/>\n<link rel=\"canonical\" href=\"https:\/\/www.terredelmarchesato.com\/de\/vini-e-prodotti\/grappa\/\" \/>\n<meta property=\"og:locale\" content=\"de_DE\" \/>\n<meta property=\"og:type\" content=\"article\" \/>\n<meta property=\"og:title\" content=\"Grappa - Terre del Marchesato\" \/>\n<meta property=\"og:description\" content=\"Er stammt aus der Destillation unserer speziell ausgew\u00e4hlten frischen Trester, die noch am selben Tag nach dem Pressen in die Brennerei Nannoni gebracht werden. Die [&hellip;]\" \/>\n<meta property=\"og:url\" content=\"https:\/\/www.terredelmarchesato.com\/de\/vini-e-prodotti\/grappa\/\" \/>\n<meta property=\"og:site_name\" content=\"Terre del Marchesato\" \/>\n<meta property=\"article:publisher\" content=\"https:\/\/www.facebook.com\/terredelmarchesato\/\" \/>\n<meta property=\"article:modified_time\" content=\"2025-06-06T09:00:05+00:00\" \/>\n<meta property=\"og:image\" content=\"https:\/\/www.terredelmarchesato.com\/wp-content\/uploads\/2019\/12\/DSC_8118-copia-scaled.jpg\" \/>\n\t<meta property=\"og:image:width\" content=\"2560\" \/>\n\t<meta property=\"og:image:height\" content=\"1707\" \/>\n\t<meta property=\"og:image:type\" content=\"image\/jpeg\" \/>\n<meta name=\"twitter:card\" content=\"summary_large_image\" \/>\n<meta name=\"twitter:site\" content=\"@TerreMarchesato\" \/>\n<meta name=\"twitter:label1\" content=\"Gesch\u00e4tzte Lesezeit\" \/>\n\t<meta name=\"twitter:data1\" content=\"1 Minute\" \/>\n<script type=\"application\/ld+json\" class=\"yoast-schema-graph\">{\"@context\":\"https:\/\/schema.org\",\"@graph\":[{\"@type\":\"WebPage\",\"@id\":\"https:\/\/www.terredelmarchesato.com\/de\/vini-e-prodotti\/grappa\/\",\"url\":\"https:\/\/www.terredelmarchesato.com\/de\/vini-e-prodotti\/grappa\/\",\"name\":\"Grappa - Terre del Marchesato\",\"isPartOf\":{\"@id\":\"https:\/\/www.terredelmarchesato.com\/#website\"},\"datePublished\":\"2019-12-12T12:25:49+00:00\",\"dateModified\":\"2025-06-06T09:00:05+00:00\",\"breadcrumb\":{\"@id\":\"https:\/\/www.terredelmarchesato.com\/de\/vini-e-prodotti\/grappa\/#breadcrumb\"},\"inLanguage\":\"de-DE\",\"potentialAction\":[{\"@type\":\"ReadAction\",\"target\":[\"https:\/\/www.terredelmarchesato.com\/de\/vini-e-prodotti\/grappa\/\"]}]},{\"@type\":\"BreadcrumbList\",\"@id\":\"https:\/\/www.terredelmarchesato.com\/de\/vini-e-prodotti\/grappa\/#breadcrumb\",\"itemListElement\":[{\"@type\":\"ListItem\",\"position\":1,\"name\":\"Weine und Produkte\",\"item\":\"https:\/\/www.terredelmarchesato.com\/de\/vini-e-prodotti\/\"},{\"@type\":\"ListItem\",\"position\":2,\"name\":\"Grappa\"}]},{\"@type\":\"WebSite\",\"@id\":\"https:\/\/www.terredelmarchesato.com\/#website\",\"url\":\"https:\/\/www.terredelmarchesato.com\/\",\"name\":\"Terre del Marchesato\",\"description\":\"Famiglia Fuselli - Bolgheri\",\"potentialAction\":[{\"@type\":\"SearchAction\",\"target\":{\"@type\":\"EntryPoint\",\"urlTemplate\":\"https:\/\/www.terredelmarchesato.com\/?s={search_term_string}\"},\"query-input\":\"required name=search_term_string\"}],\"inLanguage\":\"de-DE\"}]}<\/script>\n<!-- \/ Yoast SEO plugin. -->","yoast_head_json":{"title":"Grappa - Terre del Marchesato","robots":{"index":"index","follow":"follow","max-snippet":"max-snippet:-1","max-image-preview":"max-image-preview:large","max-video-preview":"max-video-preview:-1"},"canonical":"https:\/\/www.terredelmarchesato.com\/de\/vini-e-prodotti\/grappa\/","og_locale":"de_DE","og_type":"article","og_title":"Grappa - Terre del Marchesato","og_description":"Er stammt aus der Destillation unserer speziell ausgew\u00e4hlten frischen Trester, die noch am selben Tag nach dem Pressen in die Brennerei Nannoni gebracht werden. Die [&hellip;]","og_url":"https:\/\/www.terredelmarchesato.com\/de\/vini-e-prodotti\/grappa\/","og_site_name":"Terre del Marchesato","article_publisher":"https:\/\/www.facebook.com\/terredelmarchesato\/","article_modified_time":"2025-06-06T09:00:05+00:00","og_image":[{"width":"2560","height":"1707","url":"https:\/\/www.terredelmarchesato.com\/wp-content\/uploads\/2019\/12\/DSC_8118-copia-scaled.jpg","type":"image\/jpeg"}],"twitter_card":"summary_large_image","twitter_site":"@TerreMarchesato","twitter_misc":{"Gesch\u00e4tzte Lesezeit":"1 Minute"},"schema":{"@context":"https:\/\/schema.org","@graph":[{"@type":"WebPage","@id":"https:\/\/www.terredelmarchesato.com\/de\/vini-e-prodotti\/grappa\/","url":"https:\/\/www.terredelmarchesato.com\/de\/vini-e-prodotti\/grappa\/","name":"Grappa - Terre del Marchesato","isPartOf":{"@id":"https:\/\/www.terredelmarchesato.com\/#website"},"datePublished":"2019-12-12T12:25:49+00:00","dateModified":"2025-06-06T09:00:05+00:00","breadcrumb":{"@id":"https:\/\/www.terredelmarchesato.com\/de\/vini-e-prodotti\/grappa\/#breadcrumb"},"inLanguage":"de-DE","potentialAction":[{"@type":"ReadAction","target":["https:\/\/www.terredelmarchesato.com\/de\/vini-e-prodotti\/grappa\/"]}]},{"@type":"BreadcrumbList","@id":"https:\/\/www.terredelmarchesato.com\/de\/vini-e-prodotti\/grappa\/#breadcrumb","itemListElement":[{"@type":"ListItem","position":1,"name":"Weine und Produkte","item":"https:\/\/www.terredelmarchesato.com\/de\/vini-e-prodotti\/"},{"@type":"ListItem","position":2,"name":"Grappa"}]},{"@type":"WebSite","@id":"https:\/\/www.terredelmarchesato.com\/#website","url":"https:\/\/www.terredelmarchesato.com\/","name":"Terre del Marchesato","description":"Famiglia Fuselli - Bolgheri","potentialAction":[{"@type":"SearchAction","target":{"@type":"EntryPoint","urlTemplate":"https:\/\/www.terredelmarchesato.com\/?s={search_term_string}"},"query-input":"required name=search_term_string"}],"inLanguage":"de-DE"}]}},"_links":{"self":[{"href":"https:\/\/www.terredelmarchesato.com\/de\/wp-json\/wp\/v2\/pages\/2538"}],"collection":[{"href":"https:\/\/www.terredelmarchesato.com\/de\/wp-json\/wp\/v2\/pages"}],"about":[{"href":"https:\/\/www.terredelmarchesato.com\/de\/wp-json\/wp\/v2\/types\/page"}],"author":[{"embeddable":true,"href":"https:\/\/www.terredelmarchesato.com\/de\/wp-json\/wp\/v2\/users\/1"}],"replies":[{"embeddable":true,"href":"https:\/\/www.terredelmarchesato.com\/de\/wp-json\/wp\/v2\/comments?post=2538"}],"version-history":[{"count":5,"href":"https:\/\/www.terredelmarchesato.com\/de\/wp-json\/wp\/v2\/pages\/2538\/revisions"}],"predecessor-version":[{"id":11731,"href":"https:\/\/www.terredelmarchesato.com\/de\/wp-json\/wp\/v2\/pages\/2538\/revisions\/11731"}],"up":[{"embeddable":true,"href":"https:\/\/www.terredelmarchesato.com\/de\/wp-json\/wp\/v2\/pages\/2442"}],"wp:featuredmedia":[{"embeddable":true,"href":"https:\/\/www.terredelmarchesato.com\/de\/wp-json\/wp\/v2\/media\/346"}],"wp:attachment":[{"href":"https:\/\/www.terredelmarchesato.com\/de\/wp-json\/wp\/v2\/media?parent=2538"}],"curies":[{"name":"wp","href":"https:\/\/api.w.org\/{rel}","templated":true}]}}