{"id":10644,"date":"2024-12-19T18:09:49","date_gmt":"2024-12-19T17:09:49","guid":{"rendered":"https:\/\/www.terredelmarchesato.com\/prodotto\/gutschein-sensoriale-besuch-und-weinprobe\/"},"modified":"2025-11-13T16:30:13","modified_gmt":"2025-11-13T15:30:13","slug":"gutschein-sensoriale-besuch-und-weinprobe","status":"publish","type":"product","link":"https:\/\/www.terredelmarchesato.com\/de\/prodotto\/gutschein-sensoriale-besuch-und-weinprobe\/","title":{"rendered":"&#8220;Sensoriale&#8221; Besuch und Weinprobe"},"content":{"rendered":"<p>Unsere Geschenkgutscheine sind personalisierbar und einfach direkt in unserem Shop zu kaufen! W\u00e4hlen Sie die Anzahl der Personen, die Sprache und f\u00fcgen Sie eine pers\u00f6nliche Widmung hinzu, um Ihr Geschenk einzigartig zu machen. Sie k\u00f6nnen den Gutschein auch direkt an den Empf\u00e4nger senden \u2013 f\u00fcr eine \u00dcberraschung, die sofort ankommt, egal wo er sich befindet.<\/p>\n<p>Der Gutschein ist ab Kaufdatum 1 Jahr lang g\u00fcltig.<\/p>\n<h3>&#8220;Sensoriale&#8221; Besuch und Weinprobe<\/h3>\n<p>F\u00fcr alle Weinliebhaber, die ihre Verkostungstechniken verfeinern m\u00f6chten.<br \/>\nEs beginnt in unseren Weinbergen, setzt sich im Keller und Fassraum fort und gipfelt in einer sensorischen Verkostung von 3 Weinen, einer Verkostungsreise durch die Farben, Aromen und Geschmacksrichtungen des Weins, die von unseren Sinnen interpretiert wird, unterst\u00fctzt von Grafikkarten und einem Master-Weinaroma-Kit .<\/p>\n","protected":false},"excerpt":{"rendered":"<p>Geschenkgutschein<\/p>\n","protected":false},"featured_media":10547,"template":"","meta":{"_expiration-date-status":"","_expiration-date":0,"_expiration-date-type":"","_expiration-date-categories":[],"_expiration-date-options":[]},"product_cat":[221],"product_tag":[],"composite_layout":"","composite_add_to_cart_form_location":"","composite_editable_in_cart":false,"composite_sold_individually_context":"","composite_shop_price_calc":"","composite_components":[],"composite_scenarios":[],"acf":[],"yoast_head":"<!-- This site is optimized with the Yoast SEO plugin v20.2.1 - https:\/\/yoast.com\/wordpress\/plugins\/seo\/ -->\n<title>&quot;Sensoriale&quot; Besuch und Weinprobe - Terre del Marchesato<\/title>\n<meta name=\"robots\" content=\"index, follow, max-snippet:-1, max-image-preview:large, max-video-preview:-1\" \/>\n<link rel=\"canonical\" href=\"https:\/\/www.terredelmarchesato.com\/de\/prodotto\/gutschein-sensoriale-besuch-und-weinprobe\/\" \/>\n<meta property=\"og:locale\" content=\"de_DE\" \/>\n<meta property=\"og:type\" content=\"article\" \/>\n<meta property=\"og:title\" content=\"&quot;Sensoriale&quot; Besuch und Weinprobe - Terre del Marchesato\" \/>\n<meta property=\"og:description\" content=\"Geschenkgutschein\" \/>\n<meta property=\"og:url\" content=\"https:\/\/www.terredelmarchesato.com\/de\/prodotto\/gutschein-sensoriale-besuch-und-weinprobe\/\" \/>\n<meta property=\"og:site_name\" content=\"Terre del Marchesato\" \/>\n<meta property=\"article:publisher\" content=\"https:\/\/www.facebook.com\/terredelmarchesato\/\" \/>\n<meta property=\"article:modified_time\" content=\"2025-11-13T15:30:13+00:00\" \/>\n<meta property=\"og:image\" content=\"https:\/\/www.terredelmarchesato.com\/wp-content\/uploads\/2024\/12\/voucher-4-example.png\" \/>\n\t<meta property=\"og:image:width\" content=\"1600\" \/>\n\t<meta property=\"og:image:height\" content=\"1800\" \/>\n\t<meta property=\"og:image:type\" content=\"image\/png\" \/>\n<meta name=\"twitter:card\" content=\"summary_large_image\" \/>\n<meta name=\"twitter:site\" content=\"@TerreMarchesato\" \/>\n<meta name=\"twitter:label1\" content=\"Gesch\u00e4tzte Lesezeit\" \/>\n\t<meta name=\"twitter:data1\" content=\"1 Minute\" \/>\n<script type=\"application\/ld+json\" class=\"yoast-schema-graph\">{\"@context\":\"https:\/\/schema.org\",\"@graph\":[{\"@type\":\"WebPage\",\"@id\":\"https:\/\/www.terredelmarchesato.com\/de\/prodotto\/gutschein-sensoriale-besuch-und-weinprobe\/\",\"url\":\"https:\/\/www.terredelmarchesato.com\/de\/prodotto\/gutschein-sensoriale-besuch-und-weinprobe\/\",\"name\":\"\\\"Sensoriale\\\" Besuch und Weinprobe - Terre del Marchesato\",\"isPartOf\":{\"@id\":\"https:\/\/www.terredelmarchesato.com\/#website\"},\"datePublished\":\"2024-12-19T17:09:49+00:00\",\"dateModified\":\"2025-11-13T15:30:13+00:00\",\"breadcrumb\":{\"@id\":\"https:\/\/www.terredelmarchesato.com\/de\/prodotto\/gutschein-sensoriale-besuch-und-weinprobe\/#breadcrumb\"},\"inLanguage\":\"de-DE\",\"potentialAction\":[{\"@type\":\"ReadAction\",\"target\":[\"https:\/\/www.terredelmarchesato.com\/de\/prodotto\/gutschein-sensoriale-besuch-und-weinprobe\/\"]}]},{\"@type\":\"BreadcrumbList\",\"@id\":\"https:\/\/www.terredelmarchesato.com\/de\/prodotto\/gutschein-sensoriale-besuch-und-weinprobe\/#breadcrumb\",\"itemListElement\":[{\"@type\":\"ListItem\",\"position\":1,\"name\":\"Shop\",\"item\":\"https:\/\/www.terredelmarchesato.com\/de\/shop\/\"},{\"@type\":\"ListItem\",\"position\":2,\"name\":\"Voucher degustazione\",\"item\":\"https:\/\/www.terredelmarchesato.com\/categoria-prodotto\/voucher-degustazione\/\"},{\"@type\":\"ListItem\",\"position\":3,\"name\":\"&#8220;Sensoriale&#8221; Besuch und Weinprobe\"}]},{\"@type\":\"WebSite\",\"@id\":\"https:\/\/www.terredelmarchesato.com\/#website\",\"url\":\"https:\/\/www.terredelmarchesato.com\/\",\"name\":\"Terre del Marchesato\",\"description\":\"Famiglia Fuselli - Bolgheri\",\"potentialAction\":[{\"@type\":\"SearchAction\",\"target\":{\"@type\":\"EntryPoint\",\"urlTemplate\":\"https:\/\/www.terredelmarchesato.com\/?s={search_term_string}\"},\"query-input\":\"required name=search_term_string\"}],\"inLanguage\":\"de-DE\"}]}<\/script>\n<!-- \/ Yoast SEO plugin. -->","yoast_head_json":{"title":"\"Sensoriale\" Besuch und Weinprobe - Terre del Marchesato","robots":{"index":"index","follow":"follow","max-snippet":"max-snippet:-1","max-image-preview":"max-image-preview:large","max-video-preview":"max-video-preview:-1"},"canonical":"https:\/\/www.terredelmarchesato.com\/de\/prodotto\/gutschein-sensoriale-besuch-und-weinprobe\/","og_locale":"de_DE","og_type":"article","og_title":"\"Sensoriale\" Besuch und Weinprobe - Terre del Marchesato","og_description":"Geschenkgutschein","og_url":"https:\/\/www.terredelmarchesato.com\/de\/prodotto\/gutschein-sensoriale-besuch-und-weinprobe\/","og_site_name":"Terre del Marchesato","article_publisher":"https:\/\/www.facebook.com\/terredelmarchesato\/","article_modified_time":"2025-11-13T15:30:13+00:00","og_image":[{"width":1600,"height":1800,"url":"https:\/\/www.terredelmarchesato.com\/wp-content\/uploads\/2024\/12\/voucher-4-example.png","type":"image\/png"}],"twitter_card":"summary_large_image","twitter_site":"@TerreMarchesato","twitter_misc":{"Gesch\u00e4tzte Lesezeit":"1 Minute"},"schema":{"@context":"https:\/\/schema.org","@graph":[{"@type":"WebPage","@id":"https:\/\/www.terredelmarchesato.com\/de\/prodotto\/gutschein-sensoriale-besuch-und-weinprobe\/","url":"https:\/\/www.terredelmarchesato.com\/de\/prodotto\/gutschein-sensoriale-besuch-und-weinprobe\/","name":"\"Sensoriale\" Besuch und Weinprobe - Terre del Marchesato","isPartOf":{"@id":"https:\/\/www.terredelmarchesato.com\/#website"},"datePublished":"2024-12-19T17:09:49+00:00","dateModified":"2025-11-13T15:30:13+00:00","breadcrumb":{"@id":"https:\/\/www.terredelmarchesato.com\/de\/prodotto\/gutschein-sensoriale-besuch-und-weinprobe\/#breadcrumb"},"inLanguage":"de-DE","potentialAction":[{"@type":"ReadAction","target":["https:\/\/www.terredelmarchesato.com\/de\/prodotto\/gutschein-sensoriale-besuch-und-weinprobe\/"]}]},{"@type":"BreadcrumbList","@id":"https:\/\/www.terredelmarchesato.com\/de\/prodotto\/gutschein-sensoriale-besuch-und-weinprobe\/#breadcrumb","itemListElement":[{"@type":"ListItem","position":1,"name":"Shop","item":"https:\/\/www.terredelmarchesato.com\/de\/shop\/"},{"@type":"ListItem","position":2,"name":"Voucher degustazione","item":"https:\/\/www.terredelmarchesato.com\/categoria-prodotto\/voucher-degustazione\/"},{"@type":"ListItem","position":3,"name":"&#8220;Sensoriale&#8221; Besuch und Weinprobe"}]},{"@type":"WebSite","@id":"https:\/\/www.terredelmarchesato.com\/#website","url":"https:\/\/www.terredelmarchesato.com\/","name":"Terre del Marchesato","description":"Famiglia Fuselli - Bolgheri","potentialAction":[{"@type":"SearchAction","target":{"@type":"EntryPoint","urlTemplate":"https:\/\/www.terredelmarchesato.com\/?s={search_term_string}"},"query-input":"required name=search_term_string"}],"inLanguage":"de-DE"}]}},"_links":{"self":[{"href":"https:\/\/www.terredelmarchesato.com\/de\/wp-json\/wp\/v2\/product\/10644"}],"collection":[{"href":"https:\/\/www.terredelmarchesato.com\/de\/wp-json\/wp\/v2\/product"}],"about":[{"href":"https:\/\/www.terredelmarchesato.com\/de\/wp-json\/wp\/v2\/types\/product"}],"wp:featuredmedia":[{"embeddable":true,"href":"https:\/\/www.terredelmarchesato.com\/de\/wp-json\/wp\/v2\/media\/10547"}],"wp:attachment":[{"href":"https:\/\/www.terredelmarchesato.com\/de\/wp-json\/wp\/v2\/media?parent=10644"}],"wp:term":[{"taxonomy":"product_cat","embeddable":true,"href":"https:\/\/www.terredelmarchesato.com\/de\/wp-json\/wp\/v2\/product_cat?post=10644"},{"taxonomy":"product_tag","embeddable":true,"href":"https:\/\/www.terredelmarchesato.com\/de\/wp-json\/wp\/v2\/product_tag?post=10644"}],"curies":[{"name":"wp","href":"https:\/\/api.w.org\/{rel}","templated":true}]}}