{"id":2581,"date":"2020-01-09T12:27:46","date_gmt":"2020-01-09T11:27:46","guid":{"rendered":"https:\/\/www.terredelmarchesato.com\/prodotto\/papeo\/"},"modified":"2025-06-06T10:30:56","modified_gmt":"2025-06-06T08:30:56","slug":"papeo","status":"publish","type":"product","link":"https:\/\/www.terredelmarchesato.com\/de\/prodotto\/papeo\/","title":{"rendered":"Papeo"},"content":{"rendered":"<p>Der klassische Vermentino der toskanischen K\u00fcste wirkte wie ein gro\u00dfes Rot: eine starke Ausd\u00fcnnung der Trauben, Ernte von Hand, G\u00e4rung im Barrique mit manuellem Herunterdr\u00fccken, lange Reifung in Stahl und dann in der Flasche.<br \/>\nAll diese Schritte f\u00fchren zur Schaffung eines unkonventionellen Produkts: sekund\u00e4re und terti\u00e4re Parfums, starke Struktur, ein sch\u00f6ner K\u00f6rper, ein angenehmer und langer Mund mit der richtigen Menge an hellem Holz, die durch die G\u00e4rung in Eichenf\u00e4ssern entsteht.<\/p>\n<p>Geboren 2006 als IGT Toscana, dank der Alterung der Vermentino-Weinberge, wurde es ab 2019 zum DOC Bolgheri erhoben.<\/p>\n","protected":false},"excerpt":{"rendered":"<p>DOC Bolgheri<br \/>\nVermentino<\/p>\n","protected":false},"featured_media":11680,"template":"","meta":{"_expiration-date-status":"","_expiration-date":0,"_expiration-date-type":"","_expiration-date-categories":[],"_expiration-date-options":[]},"product_cat":[94],"product_tag":[],"composite_layout":"","composite_add_to_cart_form_location":"","composite_editable_in_cart":false,"composite_sold_individually_context":"","composite_shop_price_calc":"","composite_components":[],"composite_scenarios":[],"acf":[],"yoast_head":"<!-- This site is optimized with the Yoast SEO plugin v20.2.1 - https:\/\/yoast.com\/wordpress\/plugins\/seo\/ -->\n<title>Papeo - Terre del Marchesato<\/title>\n<meta name=\"robots\" content=\"index, follow, max-snippet:-1, max-image-preview:large, max-video-preview:-1\" \/>\n<link rel=\"canonical\" href=\"https:\/\/www.terredelmarchesato.com\/de\/prodotto\/papeo\/\" \/>\n<meta property=\"og:locale\" content=\"de_DE\" \/>\n<meta property=\"og:type\" content=\"article\" \/>\n<meta property=\"og:title\" content=\"Papeo - Terre del Marchesato\" \/>\n<meta property=\"og:description\" content=\"DOC Bolgheri Vermentino\" \/>\n<meta property=\"og:url\" content=\"https:\/\/www.terredelmarchesato.com\/de\/prodotto\/papeo\/\" \/>\n<meta property=\"og:site_name\" content=\"Terre del Marchesato\" \/>\n<meta property=\"article:publisher\" content=\"https:\/\/www.facebook.com\/terredelmarchesato\/\" \/>\n<meta property=\"article:modified_time\" content=\"2025-06-06T08:30:56+00:00\" \/>\n<meta property=\"og:image\" content=\"https:\/\/www.terredelmarchesato.com\/wp-content\/uploads\/2020\/01\/7-Papeo-2025.png\" \/>\n\t<meta property=\"og:image:width\" content=\"880\" \/>\n\t<meta property=\"og:image:height\" content=\"1715\" \/>\n\t<meta property=\"og:image:type\" content=\"image\/png\" \/>\n<meta name=\"twitter:card\" content=\"summary_large_image\" \/>\n<meta name=\"twitter:site\" content=\"@TerreMarchesato\" \/>\n<meta name=\"twitter:label1\" content=\"Gesch\u00e4tzte Lesezeit\" \/>\n\t<meta name=\"twitter:data1\" content=\"1 Minute\" \/>\n<script type=\"application\/ld+json\" class=\"yoast-schema-graph\">{\"@context\":\"https:\/\/schema.org\",\"@graph\":[{\"@type\":\"WebPage\",\"@id\":\"https:\/\/www.terredelmarchesato.com\/de\/prodotto\/papeo\/\",\"url\":\"https:\/\/www.terredelmarchesato.com\/de\/prodotto\/papeo\/\",\"name\":\"Papeo - Terre del Marchesato\",\"isPartOf\":{\"@id\":\"https:\/\/www.terredelmarchesato.com\/#website\"},\"datePublished\":\"2020-01-09T11:27:46+00:00\",\"dateModified\":\"2025-06-06T08:30:56+00:00\",\"breadcrumb\":{\"@id\":\"https:\/\/www.terredelmarchesato.com\/de\/prodotto\/papeo\/#breadcrumb\"},\"inLanguage\":\"de-DE\",\"potentialAction\":[{\"@type\":\"ReadAction\",\"target\":[\"https:\/\/www.terredelmarchesato.com\/de\/prodotto\/papeo\/\"]}]},{\"@type\":\"BreadcrumbList\",\"@id\":\"https:\/\/www.terredelmarchesato.com\/de\/prodotto\/papeo\/#breadcrumb\",\"itemListElement\":[{\"@type\":\"ListItem\",\"position\":1,\"name\":\"Shop\",\"item\":\"https:\/\/www.terredelmarchesato.com\/de\/shop\/\"},{\"@type\":\"ListItem\",\"position\":2,\"name\":\"Vini &amp; Spirits\",\"item\":\"https:\/\/www.terredelmarchesato.com\/categoria-prodotto\/vini-spirits\/\"},{\"@type\":\"ListItem\",\"position\":3,\"name\":\"Vini bianchi\",\"item\":\"https:\/\/www.terredelmarchesato.com\/categoria-prodotto\/vini-spirits\/vini-bianchi\/\"},{\"@type\":\"ListItem\",\"position\":4,\"name\":\"Papeo\"}]},{\"@type\":\"WebSite\",\"@id\":\"https:\/\/www.terredelmarchesato.com\/#website\",\"url\":\"https:\/\/www.terredelmarchesato.com\/\",\"name\":\"Terre del Marchesato\",\"description\":\"Famiglia Fuselli - Bolgheri\",\"potentialAction\":[{\"@type\":\"SearchAction\",\"target\":{\"@type\":\"EntryPoint\",\"urlTemplate\":\"https:\/\/www.terredelmarchesato.com\/?s={search_term_string}\"},\"query-input\":\"required name=search_term_string\"}],\"inLanguage\":\"de-DE\"}]}<\/script>\n<!-- \/ Yoast SEO plugin. -->","yoast_head_json":{"title":"Papeo - Terre del Marchesato","robots":{"index":"index","follow":"follow","max-snippet":"max-snippet:-1","max-image-preview":"max-image-preview:large","max-video-preview":"max-video-preview:-1"},"canonical":"https:\/\/www.terredelmarchesato.com\/de\/prodotto\/papeo\/","og_locale":"de_DE","og_type":"article","og_title":"Papeo - Terre del Marchesato","og_description":"DOC Bolgheri Vermentino","og_url":"https:\/\/www.terredelmarchesato.com\/de\/prodotto\/papeo\/","og_site_name":"Terre del Marchesato","article_publisher":"https:\/\/www.facebook.com\/terredelmarchesato\/","article_modified_time":"2025-06-06T08:30:56+00:00","og_image":[{"width":880,"height":1715,"url":"https:\/\/www.terredelmarchesato.com\/wp-content\/uploads\/2020\/01\/7-Papeo-2025.png","type":"image\/png"}],"twitter_card":"summary_large_image","twitter_site":"@TerreMarchesato","twitter_misc":{"Gesch\u00e4tzte Lesezeit":"1 Minute"},"schema":{"@context":"https:\/\/schema.org","@graph":[{"@type":"WebPage","@id":"https:\/\/www.terredelmarchesato.com\/de\/prodotto\/papeo\/","url":"https:\/\/www.terredelmarchesato.com\/de\/prodotto\/papeo\/","name":"Papeo - Terre del Marchesato","isPartOf":{"@id":"https:\/\/www.terredelmarchesato.com\/#website"},"datePublished":"2020-01-09T11:27:46+00:00","dateModified":"2025-06-06T08:30:56+00:00","breadcrumb":{"@id":"https:\/\/www.terredelmarchesato.com\/de\/prodotto\/papeo\/#breadcrumb"},"inLanguage":"de-DE","potentialAction":[{"@type":"ReadAction","target":["https:\/\/www.terredelmarchesato.com\/de\/prodotto\/papeo\/"]}]},{"@type":"BreadcrumbList","@id":"https:\/\/www.terredelmarchesato.com\/de\/prodotto\/papeo\/#breadcrumb","itemListElement":[{"@type":"ListItem","position":1,"name":"Shop","item":"https:\/\/www.terredelmarchesato.com\/de\/shop\/"},{"@type":"ListItem","position":2,"name":"Vini &amp; Spirits","item":"https:\/\/www.terredelmarchesato.com\/categoria-prodotto\/vini-spirits\/"},{"@type":"ListItem","position":3,"name":"Vini bianchi","item":"https:\/\/www.terredelmarchesato.com\/categoria-prodotto\/vini-spirits\/vini-bianchi\/"},{"@type":"ListItem","position":4,"name":"Papeo"}]},{"@type":"WebSite","@id":"https:\/\/www.terredelmarchesato.com\/#website","url":"https:\/\/www.terredelmarchesato.com\/","name":"Terre del Marchesato","description":"Famiglia Fuselli - Bolgheri","potentialAction":[{"@type":"SearchAction","target":{"@type":"EntryPoint","urlTemplate":"https:\/\/www.terredelmarchesato.com\/?s={search_term_string}"},"query-input":"required name=search_term_string"}],"inLanguage":"de-DE"}]}},"_links":{"self":[{"href":"https:\/\/www.terredelmarchesato.com\/de\/wp-json\/wp\/v2\/product\/2581"}],"collection":[{"href":"https:\/\/www.terredelmarchesato.com\/de\/wp-json\/wp\/v2\/product"}],"about":[{"href":"https:\/\/www.terredelmarchesato.com\/de\/wp-json\/wp\/v2\/types\/product"}],"wp:featuredmedia":[{"embeddable":true,"href":"https:\/\/www.terredelmarchesato.com\/de\/wp-json\/wp\/v2\/media\/11680"}],"wp:attachment":[{"href":"https:\/\/www.terredelmarchesato.com\/de\/wp-json\/wp\/v2\/media?parent=2581"}],"wp:term":[{"taxonomy":"product_cat","embeddable":true,"href":"https:\/\/www.terredelmarchesato.com\/de\/wp-json\/wp\/v2\/product_cat?post=2581"},{"taxonomy":"product_tag","embeddable":true,"href":"https:\/\/www.terredelmarchesato.com\/de\/wp-json\/wp\/v2\/product_tag?post=2581"}],"curies":[{"name":"wp","href":"https:\/\/api.w.org\/{rel}","templated":true}]}}