{"id":2587,"date":"2020-01-09T12:20:40","date_gmt":"2020-01-09T11:20:40","guid":{"rendered":"https:\/\/www.terredelmarchesato.com\/prodotto\/nobilis\/"},"modified":"2025-02-24T15:58:35","modified_gmt":"2025-02-24T14:58:35","slug":"nobilis","status":"publish","type":"product","link":"https:\/\/www.terredelmarchesato.com\/de\/prodotto\/nobilis\/","title":{"rendered":"Nobilis"},"content":{"rendered":"<p>Sp\u00e4te Ernte mit Edelf\u00e4ule.<br \/>\nDieser Wein stammt aus den Weinbergen unseres Vermentino in Bolgheri. Im November von Hand in Gegenwart von Edelf\u00e4ule (Botrytis Cinerea) geerntet, die sich aufgrund g\u00fcnstiger klimatischer Bedingungen in einem bestimmten Bereich des Weinbergs auf den Trauben entwickelt: Nebel am Morgen und Sonne am Nachmittag.<br \/>\nNach einer nat\u00fcrlichen G\u00e4rung reift es 12 Monate in neuen franz\u00f6sischen Eichenf\u00e4ssern. Langes Altern in der Flasche.<\/p>\n<p><iframe loading=\"lazy\" style=\"width: 100%;\" src=\"https:\/\/www.youtube.com\/embed\/KHbCITJlC3o\" width=\"560\" height=\"315\" frameborder=\"0\" allowfullscreen=\"allowfullscreen\"><\/iframe><\/p>\n","protected":false},"excerpt":{"rendered":"<p>IGT Toscana<br \/>\nVermentino Muffato<\/p>\n","protected":false},"featured_media":769,"template":"","meta":{"_expiration-date-status":"","_expiration-date":0,"_expiration-date-type":"","_expiration-date-categories":[],"_expiration-date-options":[]},"product_cat":[94],"product_tag":[],"composite_layout":"","composite_add_to_cart_form_location":"","composite_editable_in_cart":false,"composite_sold_individually_context":"","composite_shop_price_calc":"","composite_components":[],"composite_scenarios":[],"acf":[],"yoast_head":"<!-- This site is optimized with the Yoast SEO plugin v20.2.1 - https:\/\/yoast.com\/wordpress\/plugins\/seo\/ -->\n<title>Nobilis - Terre del Marchesato<\/title>\n<meta name=\"robots\" content=\"index, follow, max-snippet:-1, max-image-preview:large, max-video-preview:-1\" \/>\n<link rel=\"canonical\" href=\"https:\/\/www.terredelmarchesato.com\/de\/prodotto\/nobilis\/\" \/>\n<meta property=\"og:locale\" content=\"de_DE\" \/>\n<meta property=\"og:type\" content=\"article\" \/>\n<meta property=\"og:title\" content=\"Nobilis - Terre del Marchesato\" \/>\n<meta property=\"og:description\" content=\"IGT Toscana Vermentino Muffato\" \/>\n<meta property=\"og:url\" content=\"https:\/\/www.terredelmarchesato.com\/de\/prodotto\/nobilis\/\" \/>\n<meta property=\"og:site_name\" content=\"Terre del Marchesato\" \/>\n<meta property=\"article:publisher\" content=\"https:\/\/www.facebook.com\/terredelmarchesato\/\" \/>\n<meta property=\"article:modified_time\" content=\"2025-02-24T14:58:35+00:00\" \/>\n<meta property=\"og:image\" content=\"https:\/\/www.terredelmarchesato.com\/wp-content\/uploads\/2020\/01\/noboilis-terredelmarchesato.png\" \/>\n\t<meta property=\"og:image:width\" content=\"880\" \/>\n\t<meta property=\"og:image:height\" content=\"1714\" \/>\n\t<meta property=\"og:image:type\" content=\"image\/png\" \/>\n<meta name=\"twitter:card\" content=\"summary_large_image\" \/>\n<meta name=\"twitter:site\" content=\"@TerreMarchesato\" \/>\n<meta name=\"twitter:label1\" content=\"Gesch\u00e4tzte Lesezeit\" \/>\n\t<meta name=\"twitter:data1\" content=\"1 Minute\" \/>\n<script type=\"application\/ld+json\" class=\"yoast-schema-graph\">{\"@context\":\"https:\/\/schema.org\",\"@graph\":[{\"@type\":\"WebPage\",\"@id\":\"https:\/\/www.terredelmarchesato.com\/de\/prodotto\/nobilis\/\",\"url\":\"https:\/\/www.terredelmarchesato.com\/de\/prodotto\/nobilis\/\",\"name\":\"Nobilis - Terre del Marchesato\",\"isPartOf\":{\"@id\":\"https:\/\/www.terredelmarchesato.com\/#website\"},\"datePublished\":\"2020-01-09T11:20:40+00:00\",\"dateModified\":\"2025-02-24T14:58:35+00:00\",\"breadcrumb\":{\"@id\":\"https:\/\/www.terredelmarchesato.com\/de\/prodotto\/nobilis\/#breadcrumb\"},\"inLanguage\":\"de-DE\",\"potentialAction\":[{\"@type\":\"ReadAction\",\"target\":[\"https:\/\/www.terredelmarchesato.com\/de\/prodotto\/nobilis\/\"]}]},{\"@type\":\"BreadcrumbList\",\"@id\":\"https:\/\/www.terredelmarchesato.com\/de\/prodotto\/nobilis\/#breadcrumb\",\"itemListElement\":[{\"@type\":\"ListItem\",\"position\":1,\"name\":\"Shop\",\"item\":\"https:\/\/www.terredelmarchesato.com\/de\/shop\/\"},{\"@type\":\"ListItem\",\"position\":2,\"name\":\"Vini &amp; Spirits\",\"item\":\"https:\/\/www.terredelmarchesato.com\/categoria-prodotto\/vini-spirits\/\"},{\"@type\":\"ListItem\",\"position\":3,\"name\":\"Vini bianchi\",\"item\":\"https:\/\/www.terredelmarchesato.com\/categoria-prodotto\/vini-spirits\/vini-bianchi\/\"},{\"@type\":\"ListItem\",\"position\":4,\"name\":\"Nobilis\"}]},{\"@type\":\"WebSite\",\"@id\":\"https:\/\/www.terredelmarchesato.com\/#website\",\"url\":\"https:\/\/www.terredelmarchesato.com\/\",\"name\":\"Terre del Marchesato\",\"description\":\"Famiglia Fuselli - Bolgheri\",\"potentialAction\":[{\"@type\":\"SearchAction\",\"target\":{\"@type\":\"EntryPoint\",\"urlTemplate\":\"https:\/\/www.terredelmarchesato.com\/?s={search_term_string}\"},\"query-input\":\"required name=search_term_string\"}],\"inLanguage\":\"de-DE\"}]}<\/script>\n<!-- \/ Yoast SEO plugin. -->","yoast_head_json":{"title":"Nobilis - Terre del Marchesato","robots":{"index":"index","follow":"follow","max-snippet":"max-snippet:-1","max-image-preview":"max-image-preview:large","max-video-preview":"max-video-preview:-1"},"canonical":"https:\/\/www.terredelmarchesato.com\/de\/prodotto\/nobilis\/","og_locale":"de_DE","og_type":"article","og_title":"Nobilis - Terre del Marchesato","og_description":"IGT Toscana Vermentino Muffato","og_url":"https:\/\/www.terredelmarchesato.com\/de\/prodotto\/nobilis\/","og_site_name":"Terre del Marchesato","article_publisher":"https:\/\/www.facebook.com\/terredelmarchesato\/","article_modified_time":"2025-02-24T14:58:35+00:00","og_image":[{"width":880,"height":1714,"url":"https:\/\/www.terredelmarchesato.com\/wp-content\/uploads\/2020\/01\/noboilis-terredelmarchesato.png","type":"image\/png"}],"twitter_card":"summary_large_image","twitter_site":"@TerreMarchesato","twitter_misc":{"Gesch\u00e4tzte Lesezeit":"1 Minute"},"schema":{"@context":"https:\/\/schema.org","@graph":[{"@type":"WebPage","@id":"https:\/\/www.terredelmarchesato.com\/de\/prodotto\/nobilis\/","url":"https:\/\/www.terredelmarchesato.com\/de\/prodotto\/nobilis\/","name":"Nobilis - Terre del Marchesato","isPartOf":{"@id":"https:\/\/www.terredelmarchesato.com\/#website"},"datePublished":"2020-01-09T11:20:40+00:00","dateModified":"2025-02-24T14:58:35+00:00","breadcrumb":{"@id":"https:\/\/www.terredelmarchesato.com\/de\/prodotto\/nobilis\/#breadcrumb"},"inLanguage":"de-DE","potentialAction":[{"@type":"ReadAction","target":["https:\/\/www.terredelmarchesato.com\/de\/prodotto\/nobilis\/"]}]},{"@type":"BreadcrumbList","@id":"https:\/\/www.terredelmarchesato.com\/de\/prodotto\/nobilis\/#breadcrumb","itemListElement":[{"@type":"ListItem","position":1,"name":"Shop","item":"https:\/\/www.terredelmarchesato.com\/de\/shop\/"},{"@type":"ListItem","position":2,"name":"Vini &amp; Spirits","item":"https:\/\/www.terredelmarchesato.com\/categoria-prodotto\/vini-spirits\/"},{"@type":"ListItem","position":3,"name":"Vini bianchi","item":"https:\/\/www.terredelmarchesato.com\/categoria-prodotto\/vini-spirits\/vini-bianchi\/"},{"@type":"ListItem","position":4,"name":"Nobilis"}]},{"@type":"WebSite","@id":"https:\/\/www.terredelmarchesato.com\/#website","url":"https:\/\/www.terredelmarchesato.com\/","name":"Terre del Marchesato","description":"Famiglia Fuselli - Bolgheri","potentialAction":[{"@type":"SearchAction","target":{"@type":"EntryPoint","urlTemplate":"https:\/\/www.terredelmarchesato.com\/?s={search_term_string}"},"query-input":"required name=search_term_string"}],"inLanguage":"de-DE"}]}},"_links":{"self":[{"href":"https:\/\/www.terredelmarchesato.com\/de\/wp-json\/wp\/v2\/product\/2587"}],"collection":[{"href":"https:\/\/www.terredelmarchesato.com\/de\/wp-json\/wp\/v2\/product"}],"about":[{"href":"https:\/\/www.terredelmarchesato.com\/de\/wp-json\/wp\/v2\/types\/product"}],"wp:featuredmedia":[{"embeddable":true,"href":"https:\/\/www.terredelmarchesato.com\/de\/wp-json\/wp\/v2\/media\/769"}],"wp:attachment":[{"href":"https:\/\/www.terredelmarchesato.com\/de\/wp-json\/wp\/v2\/media?parent=2587"}],"wp:term":[{"taxonomy":"product_cat","embeddable":true,"href":"https:\/\/www.terredelmarchesato.com\/de\/wp-json\/wp\/v2\/product_cat?post=2587"},{"taxonomy":"product_tag","embeddable":true,"href":"https:\/\/www.terredelmarchesato.com\/de\/wp-json\/wp\/v2\/product_tag?post=2587"}],"curies":[{"name":"wp","href":"https:\/\/api.w.org\/{rel}","templated":true}]}}