{"id":2662,"date":"2020-01-08T13:20:54","date_gmt":"2020-01-08T12:20:54","guid":{"rendered":"https:\/\/www.terredelmarchesato.com\/prodotto\/maurizio-fuselli\/"},"modified":"2025-06-06T10:31:38","modified_gmt":"2025-06-06T08:31:38","slug":"maurizio-fuselli","status":"publish","type":"product","link":"https:\/\/www.terredelmarchesato.com\/de\/prodotto\/maurizio-fuselli\/","title":{"rendered":"Maurizio Fuselli"},"content":{"rendered":"<p>&#8220;Maurizio Fuselli&#8221;, Inhaber von Terre del Marchesato, ist von seiner Leidenschaft f\u00fcr Monosorten inspiriert und schafft es, eine derart ungest\u00fcme und schwierige Rebsorte zu z\u00e4hmen: den Petit Verdot.<br \/>\nMaurizio Fuselli bezeugt, wie diese Rebsorte mit dem Terroir der Bolgheri harmoniert, wo durch sorgf\u00e4ltige Pflege im Weinberg und sorgf\u00e4ltige Vinifikation im Keller ein Ausdruck von St\u00e4rke, Charakter und Originalit\u00e4t erreicht werden kann.<\/p>\n","protected":false},"excerpt":{"rendered":"<p>IGT Toscana<br \/>\nPETIT VERDOT<\/p>\n","protected":false},"featured_media":11652,"template":"","meta":{"_expiration-date-status":"","_expiration-date":0,"_expiration-date-type":"","_expiration-date-categories":[],"_expiration-date-options":[]},"product_cat":[93],"product_tag":[],"composite_layout":"","composite_add_to_cart_form_location":"","composite_editable_in_cart":false,"composite_sold_individually_context":"","composite_shop_price_calc":"","composite_components":[],"composite_scenarios":[],"acf":[],"yoast_head":"<!-- This site is optimized with the Yoast SEO plugin v20.2.1 - https:\/\/yoast.com\/wordpress\/plugins\/seo\/ -->\n<title>Maurizio Fuselli - Terre del Marchesato<\/title>\n<meta name=\"robots\" content=\"index, follow, max-snippet:-1, max-image-preview:large, max-video-preview:-1\" \/>\n<link rel=\"canonical\" href=\"https:\/\/www.terredelmarchesato.com\/de\/prodotto\/maurizio-fuselli\/\" \/>\n<meta property=\"og:locale\" content=\"de_DE\" \/>\n<meta property=\"og:type\" content=\"article\" \/>\n<meta property=\"og:title\" content=\"Maurizio Fuselli - Terre del Marchesato\" \/>\n<meta property=\"og:description\" content=\"IGT Toscana PETIT VERDOT\" \/>\n<meta property=\"og:url\" content=\"https:\/\/www.terredelmarchesato.com\/de\/prodotto\/maurizio-fuselli\/\" \/>\n<meta property=\"og:site_name\" content=\"Terre del Marchesato\" \/>\n<meta property=\"article:publisher\" content=\"https:\/\/www.facebook.com\/terredelmarchesato\/\" \/>\n<meta property=\"article:modified_time\" content=\"2025-06-06T08:31:38+00:00\" \/>\n<meta property=\"og:image\" content=\"https:\/\/www.terredelmarchesato.com\/wp-content\/uploads\/2020\/01\/0b-Maurizio-Fuselli-2025.png\" \/>\n\t<meta property=\"og:image:width\" content=\"880\" \/>\n\t<meta property=\"og:image:height\" content=\"1715\" \/>\n\t<meta property=\"og:image:type\" content=\"image\/png\" \/>\n<meta name=\"twitter:card\" content=\"summary_large_image\" \/>\n<meta name=\"twitter:site\" content=\"@TerreMarchesato\" \/>\n<meta name=\"twitter:label1\" content=\"Gesch\u00e4tzte Lesezeit\" \/>\n\t<meta name=\"twitter:data1\" content=\"1 Minute\" \/>\n<script type=\"application\/ld+json\" class=\"yoast-schema-graph\">{\"@context\":\"https:\/\/schema.org\",\"@graph\":[{\"@type\":\"WebPage\",\"@id\":\"https:\/\/www.terredelmarchesato.com\/de\/prodotto\/maurizio-fuselli\/\",\"url\":\"https:\/\/www.terredelmarchesato.com\/de\/prodotto\/maurizio-fuselli\/\",\"name\":\"Maurizio Fuselli - Terre del Marchesato\",\"isPartOf\":{\"@id\":\"https:\/\/www.terredelmarchesato.com\/#website\"},\"datePublished\":\"2020-01-08T12:20:54+00:00\",\"dateModified\":\"2025-06-06T08:31:38+00:00\",\"breadcrumb\":{\"@id\":\"https:\/\/www.terredelmarchesato.com\/de\/prodotto\/maurizio-fuselli\/#breadcrumb\"},\"inLanguage\":\"de-DE\",\"potentialAction\":[{\"@type\":\"ReadAction\",\"target\":[\"https:\/\/www.terredelmarchesato.com\/de\/prodotto\/maurizio-fuselli\/\"]}]},{\"@type\":\"BreadcrumbList\",\"@id\":\"https:\/\/www.terredelmarchesato.com\/de\/prodotto\/maurizio-fuselli\/#breadcrumb\",\"itemListElement\":[{\"@type\":\"ListItem\",\"position\":1,\"name\":\"Shop\",\"item\":\"https:\/\/www.terredelmarchesato.com\/de\/shop\/\"},{\"@type\":\"ListItem\",\"position\":2,\"name\":\"Vini &amp; Spirits\",\"item\":\"https:\/\/www.terredelmarchesato.com\/categoria-prodotto\/vini-spirits\/\"},{\"@type\":\"ListItem\",\"position\":3,\"name\":\"Vini rossi\",\"item\":\"https:\/\/www.terredelmarchesato.com\/categoria-prodotto\/vini-spirits\/vini-rossi\/\"},{\"@type\":\"ListItem\",\"position\":4,\"name\":\"Maurizio Fuselli\"}]},{\"@type\":\"WebSite\",\"@id\":\"https:\/\/www.terredelmarchesato.com\/#website\",\"url\":\"https:\/\/www.terredelmarchesato.com\/\",\"name\":\"Terre del Marchesato\",\"description\":\"Famiglia Fuselli - Bolgheri\",\"potentialAction\":[{\"@type\":\"SearchAction\",\"target\":{\"@type\":\"EntryPoint\",\"urlTemplate\":\"https:\/\/www.terredelmarchesato.com\/?s={search_term_string}\"},\"query-input\":\"required name=search_term_string\"}],\"inLanguage\":\"de-DE\"}]}<\/script>\n<!-- \/ Yoast SEO plugin. -->","yoast_head_json":{"title":"Maurizio Fuselli - Terre del Marchesato","robots":{"index":"index","follow":"follow","max-snippet":"max-snippet:-1","max-image-preview":"max-image-preview:large","max-video-preview":"max-video-preview:-1"},"canonical":"https:\/\/www.terredelmarchesato.com\/de\/prodotto\/maurizio-fuselli\/","og_locale":"de_DE","og_type":"article","og_title":"Maurizio Fuselli - Terre del Marchesato","og_description":"IGT Toscana PETIT VERDOT","og_url":"https:\/\/www.terredelmarchesato.com\/de\/prodotto\/maurizio-fuselli\/","og_site_name":"Terre del Marchesato","article_publisher":"https:\/\/www.facebook.com\/terredelmarchesato\/","article_modified_time":"2025-06-06T08:31:38+00:00","og_image":[{"width":880,"height":1715,"url":"https:\/\/www.terredelmarchesato.com\/wp-content\/uploads\/2020\/01\/0b-Maurizio-Fuselli-2025.png","type":"image\/png"}],"twitter_card":"summary_large_image","twitter_site":"@TerreMarchesato","twitter_misc":{"Gesch\u00e4tzte Lesezeit":"1 Minute"},"schema":{"@context":"https:\/\/schema.org","@graph":[{"@type":"WebPage","@id":"https:\/\/www.terredelmarchesato.com\/de\/prodotto\/maurizio-fuselli\/","url":"https:\/\/www.terredelmarchesato.com\/de\/prodotto\/maurizio-fuselli\/","name":"Maurizio Fuselli - Terre del Marchesato","isPartOf":{"@id":"https:\/\/www.terredelmarchesato.com\/#website"},"datePublished":"2020-01-08T12:20:54+00:00","dateModified":"2025-06-06T08:31:38+00:00","breadcrumb":{"@id":"https:\/\/www.terredelmarchesato.com\/de\/prodotto\/maurizio-fuselli\/#breadcrumb"},"inLanguage":"de-DE","potentialAction":[{"@type":"ReadAction","target":["https:\/\/www.terredelmarchesato.com\/de\/prodotto\/maurizio-fuselli\/"]}]},{"@type":"BreadcrumbList","@id":"https:\/\/www.terredelmarchesato.com\/de\/prodotto\/maurizio-fuselli\/#breadcrumb","itemListElement":[{"@type":"ListItem","position":1,"name":"Shop","item":"https:\/\/www.terredelmarchesato.com\/de\/shop\/"},{"@type":"ListItem","position":2,"name":"Vini &amp; Spirits","item":"https:\/\/www.terredelmarchesato.com\/categoria-prodotto\/vini-spirits\/"},{"@type":"ListItem","position":3,"name":"Vini rossi","item":"https:\/\/www.terredelmarchesato.com\/categoria-prodotto\/vini-spirits\/vini-rossi\/"},{"@type":"ListItem","position":4,"name":"Maurizio Fuselli"}]},{"@type":"WebSite","@id":"https:\/\/www.terredelmarchesato.com\/#website","url":"https:\/\/www.terredelmarchesato.com\/","name":"Terre del Marchesato","description":"Famiglia Fuselli - Bolgheri","potentialAction":[{"@type":"SearchAction","target":{"@type":"EntryPoint","urlTemplate":"https:\/\/www.terredelmarchesato.com\/?s={search_term_string}"},"query-input":"required name=search_term_string"}],"inLanguage":"de-DE"}]}},"_links":{"self":[{"href":"https:\/\/www.terredelmarchesato.com\/de\/wp-json\/wp\/v2\/product\/2662"}],"collection":[{"href":"https:\/\/www.terredelmarchesato.com\/de\/wp-json\/wp\/v2\/product"}],"about":[{"href":"https:\/\/www.terredelmarchesato.com\/de\/wp-json\/wp\/v2\/types\/product"}],"wp:featuredmedia":[{"embeddable":true,"href":"https:\/\/www.terredelmarchesato.com\/de\/wp-json\/wp\/v2\/media\/11652"}],"wp:attachment":[{"href":"https:\/\/www.terredelmarchesato.com\/de\/wp-json\/wp\/v2\/media?parent=2662"}],"wp:term":[{"taxonomy":"product_cat","embeddable":true,"href":"https:\/\/www.terredelmarchesato.com\/de\/wp-json\/wp\/v2\/product_cat?post=2662"},{"taxonomy":"product_tag","embeddable":true,"href":"https:\/\/www.terredelmarchesato.com\/de\/wp-json\/wp\/v2\/product_tag?post=2662"}],"curies":[{"name":"wp","href":"https:\/\/api.w.org\/{rel}","templated":true}]}}