{"id":2667,"date":"2020-01-08T04:19:33","date_gmt":"2020-01-08T03:19:33","guid":{"rendered":"https:\/\/www.terredelmarchesato.com\/prodotto\/tarabuso\/"},"modified":"2025-06-06T10:32:03","modified_gmt":"2025-06-06T08:32:03","slug":"tarabuso","status":"publish","type":"product","link":"https:\/\/www.terredelmarchesato.com\/de\/prodotto\/tarabuso\/","title":{"rendered":"Tarabuso"},"content":{"rendered":"<p>Die richtige Beziehung zwischen einer kraftvollen Struktur, ausgewogenen Tanninen, intensiven Aromen und einer Leichtigkeit des sorgf\u00e4ltig ausgew\u00e4hlten und kontrollierten Holzes macht diesen Wein zu einem guten Ausdruck und lobt den Stil des in der Welt so ber\u00fchmten Bolgheri Terroir.<br \/>\nManuelle Ernte, Auswahl der Trauben im Keller, Stahlg\u00e4rung, 18 Monate Reifung in ausgew\u00e4hlten franz\u00f6sischen Eichenf\u00e4ssern. Langes Altern in der Flasche.<\/p>\n","protected":false},"excerpt":{"rendered":"<p>IGT Toscana<br \/>\nCABERNET SAUVIGNON<\/p>\n","protected":false},"featured_media":11664,"template":"","meta":{"_expiration-date-status":"","_expiration-date":0,"_expiration-date-type":"","_expiration-date-categories":[],"_expiration-date-options":[]},"product_cat":[93],"product_tag":[],"composite_layout":"","composite_add_to_cart_form_location":"","composite_editable_in_cart":false,"composite_sold_individually_context":"","composite_shop_price_calc":"","composite_components":[],"composite_scenarios":[],"acf":[],"yoast_head":"<!-- This site is optimized with the Yoast SEO plugin v20.2.1 - https:\/\/yoast.com\/wordpress\/plugins\/seo\/ -->\n<title>Tarabuso - Terre del Marchesato<\/title>\n<meta name=\"robots\" content=\"index, follow, max-snippet:-1, max-image-preview:large, max-video-preview:-1\" \/>\n<link rel=\"canonical\" href=\"https:\/\/www.terredelmarchesato.com\/de\/prodotto\/tarabuso\/\" \/>\n<meta property=\"og:locale\" content=\"de_DE\" \/>\n<meta property=\"og:type\" content=\"article\" \/>\n<meta property=\"og:title\" content=\"Tarabuso - Terre del Marchesato\" \/>\n<meta property=\"og:description\" content=\"IGT Toscana CABERNET SAUVIGNON\" \/>\n<meta property=\"og:url\" content=\"https:\/\/www.terredelmarchesato.com\/de\/prodotto\/tarabuso\/\" \/>\n<meta property=\"og:site_name\" content=\"Terre del Marchesato\" \/>\n<meta property=\"article:publisher\" content=\"https:\/\/www.facebook.com\/terredelmarchesato\/\" \/>\n<meta property=\"article:modified_time\" content=\"2025-06-06T08:32:03+00:00\" \/>\n<meta property=\"og:image\" content=\"https:\/\/www.terredelmarchesato.com\/wp-content\/uploads\/2020\/01\/3-Tarabuso-2025.png\" \/>\n\t<meta property=\"og:image:width\" content=\"880\" \/>\n\t<meta property=\"og:image:height\" content=\"1715\" \/>\n\t<meta property=\"og:image:type\" content=\"image\/png\" \/>\n<meta name=\"twitter:card\" content=\"summary_large_image\" \/>\n<meta name=\"twitter:site\" content=\"@TerreMarchesato\" \/>\n<meta name=\"twitter:label1\" content=\"Gesch\u00e4tzte Lesezeit\" \/>\n\t<meta name=\"twitter:data1\" content=\"1 Minute\" \/>\n<script type=\"application\/ld+json\" class=\"yoast-schema-graph\">{\"@context\":\"https:\/\/schema.org\",\"@graph\":[{\"@type\":\"WebPage\",\"@id\":\"https:\/\/www.terredelmarchesato.com\/de\/prodotto\/tarabuso\/\",\"url\":\"https:\/\/www.terredelmarchesato.com\/de\/prodotto\/tarabuso\/\",\"name\":\"Tarabuso - Terre del Marchesato\",\"isPartOf\":{\"@id\":\"https:\/\/www.terredelmarchesato.com\/#website\"},\"datePublished\":\"2020-01-08T03:19:33+00:00\",\"dateModified\":\"2025-06-06T08:32:03+00:00\",\"breadcrumb\":{\"@id\":\"https:\/\/www.terredelmarchesato.com\/de\/prodotto\/tarabuso\/#breadcrumb\"},\"inLanguage\":\"de-DE\",\"potentialAction\":[{\"@type\":\"ReadAction\",\"target\":[\"https:\/\/www.terredelmarchesato.com\/de\/prodotto\/tarabuso\/\"]}]},{\"@type\":\"BreadcrumbList\",\"@id\":\"https:\/\/www.terredelmarchesato.com\/de\/prodotto\/tarabuso\/#breadcrumb\",\"itemListElement\":[{\"@type\":\"ListItem\",\"position\":1,\"name\":\"Shop\",\"item\":\"https:\/\/www.terredelmarchesato.com\/de\/shop\/\"},{\"@type\":\"ListItem\",\"position\":2,\"name\":\"Vini &amp; Spirits\",\"item\":\"https:\/\/www.terredelmarchesato.com\/categoria-prodotto\/vini-spirits\/\"},{\"@type\":\"ListItem\",\"position\":3,\"name\":\"Vini rossi\",\"item\":\"https:\/\/www.terredelmarchesato.com\/categoria-prodotto\/vini-spirits\/vini-rossi\/\"},{\"@type\":\"ListItem\",\"position\":4,\"name\":\"Tarabuso\"}]},{\"@type\":\"WebSite\",\"@id\":\"https:\/\/www.terredelmarchesato.com\/#website\",\"url\":\"https:\/\/www.terredelmarchesato.com\/\",\"name\":\"Terre del Marchesato\",\"description\":\"Famiglia Fuselli - Bolgheri\",\"potentialAction\":[{\"@type\":\"SearchAction\",\"target\":{\"@type\":\"EntryPoint\",\"urlTemplate\":\"https:\/\/www.terredelmarchesato.com\/?s={search_term_string}\"},\"query-input\":\"required name=search_term_string\"}],\"inLanguage\":\"de-DE\"}]}<\/script>\n<!-- \/ Yoast SEO plugin. -->","yoast_head_json":{"title":"Tarabuso - Terre del Marchesato","robots":{"index":"index","follow":"follow","max-snippet":"max-snippet:-1","max-image-preview":"max-image-preview:large","max-video-preview":"max-video-preview:-1"},"canonical":"https:\/\/www.terredelmarchesato.com\/de\/prodotto\/tarabuso\/","og_locale":"de_DE","og_type":"article","og_title":"Tarabuso - Terre del Marchesato","og_description":"IGT Toscana CABERNET SAUVIGNON","og_url":"https:\/\/www.terredelmarchesato.com\/de\/prodotto\/tarabuso\/","og_site_name":"Terre del Marchesato","article_publisher":"https:\/\/www.facebook.com\/terredelmarchesato\/","article_modified_time":"2025-06-06T08:32:03+00:00","og_image":[{"width":880,"height":1715,"url":"https:\/\/www.terredelmarchesato.com\/wp-content\/uploads\/2020\/01\/3-Tarabuso-2025.png","type":"image\/png"}],"twitter_card":"summary_large_image","twitter_site":"@TerreMarchesato","twitter_misc":{"Gesch\u00e4tzte Lesezeit":"1 Minute"},"schema":{"@context":"https:\/\/schema.org","@graph":[{"@type":"WebPage","@id":"https:\/\/www.terredelmarchesato.com\/de\/prodotto\/tarabuso\/","url":"https:\/\/www.terredelmarchesato.com\/de\/prodotto\/tarabuso\/","name":"Tarabuso - Terre del Marchesato","isPartOf":{"@id":"https:\/\/www.terredelmarchesato.com\/#website"},"datePublished":"2020-01-08T03:19:33+00:00","dateModified":"2025-06-06T08:32:03+00:00","breadcrumb":{"@id":"https:\/\/www.terredelmarchesato.com\/de\/prodotto\/tarabuso\/#breadcrumb"},"inLanguage":"de-DE","potentialAction":[{"@type":"ReadAction","target":["https:\/\/www.terredelmarchesato.com\/de\/prodotto\/tarabuso\/"]}]},{"@type":"BreadcrumbList","@id":"https:\/\/www.terredelmarchesato.com\/de\/prodotto\/tarabuso\/#breadcrumb","itemListElement":[{"@type":"ListItem","position":1,"name":"Shop","item":"https:\/\/www.terredelmarchesato.com\/de\/shop\/"},{"@type":"ListItem","position":2,"name":"Vini &amp; Spirits","item":"https:\/\/www.terredelmarchesato.com\/categoria-prodotto\/vini-spirits\/"},{"@type":"ListItem","position":3,"name":"Vini rossi","item":"https:\/\/www.terredelmarchesato.com\/categoria-prodotto\/vini-spirits\/vini-rossi\/"},{"@type":"ListItem","position":4,"name":"Tarabuso"}]},{"@type":"WebSite","@id":"https:\/\/www.terredelmarchesato.com\/#website","url":"https:\/\/www.terredelmarchesato.com\/","name":"Terre del Marchesato","description":"Famiglia Fuselli - Bolgheri","potentialAction":[{"@type":"SearchAction","target":{"@type":"EntryPoint","urlTemplate":"https:\/\/www.terredelmarchesato.com\/?s={search_term_string}"},"query-input":"required name=search_term_string"}],"inLanguage":"de-DE"}]}},"_links":{"self":[{"href":"https:\/\/www.terredelmarchesato.com\/de\/wp-json\/wp\/v2\/product\/2667"}],"collection":[{"href":"https:\/\/www.terredelmarchesato.com\/de\/wp-json\/wp\/v2\/product"}],"about":[{"href":"https:\/\/www.terredelmarchesato.com\/de\/wp-json\/wp\/v2\/types\/product"}],"wp:featuredmedia":[{"embeddable":true,"href":"https:\/\/www.terredelmarchesato.com\/de\/wp-json\/wp\/v2\/media\/11664"}],"wp:attachment":[{"href":"https:\/\/www.terredelmarchesato.com\/de\/wp-json\/wp\/v2\/media?parent=2667"}],"wp:term":[{"taxonomy":"product_cat","embeddable":true,"href":"https:\/\/www.terredelmarchesato.com\/de\/wp-json\/wp\/v2\/product_cat?post=2667"},{"taxonomy":"product_tag","embeddable":true,"href":"https:\/\/www.terredelmarchesato.com\/de\/wp-json\/wp\/v2\/product_tag?post=2667"}],"curies":[{"name":"wp","href":"https:\/\/api.w.org\/{rel}","templated":true}]}}