{"id":8815,"date":"2023-12-04T07:30:02","date_gmt":"2023-12-07T10:17:34","guid":{"rendered":"https:\/\/www.terredelmarchesato.com\/?post_type=product&#038;p=8815"},"modified":"2025-01-09T15:23:53","modified_gmt":"2025-01-09T14:23:53","slug":"box-bolgheri-mix","status":"publish","type":"product","link":"https:\/\/www.terredelmarchesato.com\/de\/prodotto\/box-bolgheri-mix\/","title":{"rendered":"Box Bolgheri Mix"},"content":{"rendered":"<p>Die Bolgheri Mix Box ist die ideale Wahl f\u00fcr diejenigen, die sowohl die reiche Intensit\u00e4t eines Rotweins als auch die raffinierte Eleganz eines Wei\u00dfweins genie\u00dfen m\u00f6chten. Unser Emilio Primo Rosso ist eine typische Mischung aus der Region Bolgheri, die die Eigenschaften von Cabernet Sauvignon, die Geschmeidigkeit von Merlot und die Eleganz von Syrah vereint. Mit unserem geliebten Papeo, einem Wei\u00dfwein, der mit der Pr\u00e4zision eines gro\u00dfen Rotweins durch Maischeg\u00e4rung mit Schalen in Barriques vinifiziert wird, erhalten wir ein komplexes und elegantes Produkt, das sich durch seine umh\u00fcllende Cremigkeit auszeichnet.<\/p>\n<p>Inhalt der Bolgheri Mix Box:<\/p>\n<ol>\n<li><strong>Holzkiste<\/strong><\/li>\n<li><strong>Emilio Primo &#8211; DOC Bolgheri Rosso\u00a0<\/strong><strong><br \/>\n<\/strong><\/li>\n<li><strong>Papeo &#8211; DOC Bolgheri Bianco<\/strong><\/li>\n<\/ol>\n","protected":false},"excerpt":{"rendered":"<p>Emilio Primo Rosso<br \/>\nPapeo<\/p>\n","protected":false},"featured_media":10702,"template":"","meta":{"_expiration-date-status":"","_expiration-date":0,"_expiration-date-type":"","_expiration-date-categories":[],"_expiration-date-options":[]},"product_cat":[210],"product_tag":[],"composite_layout":"","composite_add_to_cart_form_location":"","composite_editable_in_cart":false,"composite_sold_individually_context":"","composite_shop_price_calc":"","composite_components":[],"composite_scenarios":[],"acf":[],"yoast_head":"<!-- This site is optimized with the Yoast SEO plugin v20.2.1 - https:\/\/yoast.com\/wordpress\/plugins\/seo\/ -->\n<title>Box Bolgheri Mix - Terre del Marchesato<\/title>\n<meta name=\"robots\" content=\"index, follow, max-snippet:-1, max-image-preview:large, max-video-preview:-1\" \/>\n<link rel=\"canonical\" href=\"https:\/\/www.terredelmarchesato.com\/de\/prodotto\/box-bolgheri-mix\/\" \/>\n<meta property=\"og:locale\" content=\"de_DE\" \/>\n<meta property=\"og:type\" content=\"article\" \/>\n<meta property=\"og:title\" content=\"Box Bolgheri Mix - Terre del Marchesato\" \/>\n<meta property=\"og:description\" content=\"Emilio Primo Rosso Papeo\" \/>\n<meta property=\"og:url\" content=\"https:\/\/www.terredelmarchesato.com\/de\/prodotto\/box-bolgheri-mix\/\" \/>\n<meta property=\"og:site_name\" content=\"Terre del Marchesato\" \/>\n<meta property=\"article:publisher\" content=\"https:\/\/www.facebook.com\/terredelmarchesato\/\" \/>\n<meta property=\"article:modified_time\" content=\"2025-01-09T14:23:53+00:00\" \/>\n<meta property=\"og:image\" content=\"https:\/\/www.terredelmarchesato.com\/wp-content\/uploads\/2023\/12\/Box-Bolgheri-Mix.png\" \/>\n\t<meta property=\"og:image:width\" content=\"1203\" \/>\n\t<meta property=\"og:image:height\" content=\"1126\" \/>\n\t<meta property=\"og:image:type\" content=\"image\/png\" \/>\n<meta name=\"twitter:card\" content=\"summary_large_image\" \/>\n<meta name=\"twitter:site\" content=\"@TerreMarchesato\" \/>\n<meta name=\"twitter:label1\" content=\"Gesch\u00e4tzte Lesezeit\" \/>\n\t<meta name=\"twitter:data1\" content=\"1 Minute\" \/>\n<script type=\"application\/ld+json\" class=\"yoast-schema-graph\">{\"@context\":\"https:\/\/schema.org\",\"@graph\":[{\"@type\":\"WebPage\",\"@id\":\"https:\/\/www.terredelmarchesato.com\/de\/prodotto\/box-bolgheri-mix\/\",\"url\":\"https:\/\/www.terredelmarchesato.com\/de\/prodotto\/box-bolgheri-mix\/\",\"name\":\"Box Bolgheri Mix - Terre del Marchesato\",\"isPartOf\":{\"@id\":\"https:\/\/www.terredelmarchesato.com\/#website\"},\"datePublished\":\"2023-12-07T10:17:34+00:00\",\"dateModified\":\"2025-01-09T14:23:53+00:00\",\"breadcrumb\":{\"@id\":\"https:\/\/www.terredelmarchesato.com\/de\/prodotto\/box-bolgheri-mix\/#breadcrumb\"},\"inLanguage\":\"de-DE\",\"potentialAction\":[{\"@type\":\"ReadAction\",\"target\":[\"https:\/\/www.terredelmarchesato.com\/de\/prodotto\/box-bolgheri-mix\/\"]}]},{\"@type\":\"BreadcrumbList\",\"@id\":\"https:\/\/www.terredelmarchesato.com\/de\/prodotto\/box-bolgheri-mix\/#breadcrumb\",\"itemListElement\":[{\"@type\":\"ListItem\",\"position\":1,\"name\":\"Shop\",\"item\":\"https:\/\/www.terredelmarchesato.com\/de\/shop\/\"},{\"@type\":\"ListItem\",\"position\":2,\"name\":\"Empfohlene Geschenkpaket\",\"item\":\"https:\/\/www.terredelmarchesato.com\/de\/categoria-prodotto\/empfohlene-geschenkpaket\/\"},{\"@type\":\"ListItem\",\"position\":3,\"name\":\"Box Bolgheri Mix\"}]},{\"@type\":\"WebSite\",\"@id\":\"https:\/\/www.terredelmarchesato.com\/#website\",\"url\":\"https:\/\/www.terredelmarchesato.com\/\",\"name\":\"Terre del Marchesato\",\"description\":\"Famiglia Fuselli - Bolgheri\",\"potentialAction\":[{\"@type\":\"SearchAction\",\"target\":{\"@type\":\"EntryPoint\",\"urlTemplate\":\"https:\/\/www.terredelmarchesato.com\/?s={search_term_string}\"},\"query-input\":\"required name=search_term_string\"}],\"inLanguage\":\"de-DE\"}]}<\/script>\n<!-- \/ Yoast SEO plugin. -->","yoast_head_json":{"title":"Box Bolgheri Mix - Terre del Marchesato","robots":{"index":"index","follow":"follow","max-snippet":"max-snippet:-1","max-image-preview":"max-image-preview:large","max-video-preview":"max-video-preview:-1"},"canonical":"https:\/\/www.terredelmarchesato.com\/de\/prodotto\/box-bolgheri-mix\/","og_locale":"de_DE","og_type":"article","og_title":"Box Bolgheri Mix - Terre del Marchesato","og_description":"Emilio Primo Rosso Papeo","og_url":"https:\/\/www.terredelmarchesato.com\/de\/prodotto\/box-bolgheri-mix\/","og_site_name":"Terre del Marchesato","article_publisher":"https:\/\/www.facebook.com\/terredelmarchesato\/","article_modified_time":"2025-01-09T14:23:53+00:00","og_image":[{"width":1203,"height":1126,"url":"https:\/\/www.terredelmarchesato.com\/wp-content\/uploads\/2023\/12\/Box-Bolgheri-Mix.png","type":"image\/png"}],"twitter_card":"summary_large_image","twitter_site":"@TerreMarchesato","twitter_misc":{"Gesch\u00e4tzte Lesezeit":"1 Minute"},"schema":{"@context":"https:\/\/schema.org","@graph":[{"@type":"WebPage","@id":"https:\/\/www.terredelmarchesato.com\/de\/prodotto\/box-bolgheri-mix\/","url":"https:\/\/www.terredelmarchesato.com\/de\/prodotto\/box-bolgheri-mix\/","name":"Box Bolgheri Mix - Terre del Marchesato","isPartOf":{"@id":"https:\/\/www.terredelmarchesato.com\/#website"},"datePublished":"2023-12-07T10:17:34+00:00","dateModified":"2025-01-09T14:23:53+00:00","breadcrumb":{"@id":"https:\/\/www.terredelmarchesato.com\/de\/prodotto\/box-bolgheri-mix\/#breadcrumb"},"inLanguage":"de-DE","potentialAction":[{"@type":"ReadAction","target":["https:\/\/www.terredelmarchesato.com\/de\/prodotto\/box-bolgheri-mix\/"]}]},{"@type":"BreadcrumbList","@id":"https:\/\/www.terredelmarchesato.com\/de\/prodotto\/box-bolgheri-mix\/#breadcrumb","itemListElement":[{"@type":"ListItem","position":1,"name":"Shop","item":"https:\/\/www.terredelmarchesato.com\/de\/shop\/"},{"@type":"ListItem","position":2,"name":"Empfohlene Geschenkpaket","item":"https:\/\/www.terredelmarchesato.com\/de\/categoria-prodotto\/empfohlene-geschenkpaket\/"},{"@type":"ListItem","position":3,"name":"Box Bolgheri Mix"}]},{"@type":"WebSite","@id":"https:\/\/www.terredelmarchesato.com\/#website","url":"https:\/\/www.terredelmarchesato.com\/","name":"Terre del Marchesato","description":"Famiglia Fuselli - Bolgheri","potentialAction":[{"@type":"SearchAction","target":{"@type":"EntryPoint","urlTemplate":"https:\/\/www.terredelmarchesato.com\/?s={search_term_string}"},"query-input":"required name=search_term_string"}],"inLanguage":"de-DE"}]}},"_links":{"self":[{"href":"https:\/\/www.terredelmarchesato.com\/de\/wp-json\/wp\/v2\/product\/8815"}],"collection":[{"href":"https:\/\/www.terredelmarchesato.com\/de\/wp-json\/wp\/v2\/product"}],"about":[{"href":"https:\/\/www.terredelmarchesato.com\/de\/wp-json\/wp\/v2\/types\/product"}],"wp:featuredmedia":[{"embeddable":true,"href":"https:\/\/www.terredelmarchesato.com\/de\/wp-json\/wp\/v2\/media\/10702"}],"wp:attachment":[{"href":"https:\/\/www.terredelmarchesato.com\/de\/wp-json\/wp\/v2\/media?parent=8815"}],"wp:term":[{"taxonomy":"product_cat","embeddable":true,"href":"https:\/\/www.terredelmarchesato.com\/de\/wp-json\/wp\/v2\/product_cat?post=8815"},{"taxonomy":"product_tag","embeddable":true,"href":"https:\/\/www.terredelmarchesato.com\/de\/wp-json\/wp\/v2\/product_tag?post=8815"}],"curies":[{"name":"wp","href":"https:\/\/api.w.org\/{rel}","templated":true}]}}