{"id":8889,"date":"2023-12-12T11:10:38","date_gmt":"2023-12-12T11:41:29","guid":{"rendered":"https:\/\/www.terredelmarchesato.com\/?post_type=product&#038;p=8889"},"modified":"2023-12-29T16:20:04","modified_gmt":"2023-12-29T15:20:04","slug":"korkenzieher-mit-klinge","status":"publish","type":"product","link":"https:\/\/www.terredelmarchesato.com\/de\/prodotto\/korkenzieher-mit-klinge\/","title":{"rendered":"Korkenzieher mit Klinge"},"content":{"rendered":"<p>Es ist der unverzichtbare Flaschen\u00f6ffner f\u00fcr alle, die eine Vintage-Flasche oder einen Wein \u00f6ffnen m\u00f6chten, der schon lange gereift ist. Mit diesem Korkenzieher k\u00f6nnen Sie die Flasche sanft \u00f6ffnen, ohne den Korken zu besch\u00e4digen. Die Handhabung dieses Flaschen\u00f6ffners ist denkbar einfach: Beide Klingen m\u00fcssen zwischen Korken und der Innenseite des Flaschenhalses eingef\u00fchrt werden. F\u00fchren Sie zuerst die l\u00e4ngere Klinge ein und dann die k\u00fcrzere. Ziehen Sie die Kappe mithilfe des Griffs heraus, indem Sie gleichzeitig ziehen und drehen.<\/p>\n","protected":false},"excerpt":{"rendered":"<p>Unverzichtbar zum \u00d6ffnen einer Vintage-Flasche<\/p>\n","protected":false},"featured_media":8883,"template":"","meta":{"_expiration-date-status":"","_expiration-date":0,"_expiration-date-type":"","_expiration-date-categories":[],"_expiration-date-options":[]},"product_cat":[131],"product_tag":[],"composite_layout":"","composite_add_to_cart_form_location":"","composite_editable_in_cart":false,"composite_sold_individually_context":"","composite_shop_price_calc":"","composite_components":[],"composite_scenarios":[],"acf":[],"yoast_head":"<!-- This site is optimized with the Yoast SEO plugin v20.2.1 - https:\/\/yoast.com\/wordpress\/plugins\/seo\/ -->\n<title>Korkenzieher mit Klinge - Terre del Marchesato<\/title>\n<meta name=\"robots\" content=\"index, follow, max-snippet:-1, max-image-preview:large, max-video-preview:-1\" \/>\n<link rel=\"canonical\" href=\"https:\/\/www.terredelmarchesato.com\/de\/prodotto\/korkenzieher-mit-klinge\/\" \/>\n<meta property=\"og:locale\" content=\"de_DE\" \/>\n<meta property=\"og:type\" content=\"article\" \/>\n<meta property=\"og:title\" content=\"Korkenzieher mit Klinge - Terre del Marchesato\" \/>\n<meta property=\"og:description\" content=\"Unverzichtbar zum \u00d6ffnen einer Vintage-Flasche\" \/>\n<meta property=\"og:url\" content=\"https:\/\/www.terredelmarchesato.com\/de\/prodotto\/korkenzieher-mit-klinge\/\" \/>\n<meta property=\"og:site_name\" content=\"Terre del Marchesato\" \/>\n<meta property=\"article:publisher\" content=\"https:\/\/www.facebook.com\/terredelmarchesato\/\" \/>\n<meta property=\"article:modified_time\" content=\"2023-12-29T15:20:04+00:00\" \/>\n<meta property=\"og:image\" content=\"https:\/\/www.terredelmarchesato.com\/wp-content\/uploads\/2023\/12\/Cavatappi_lame.png\" \/>\n\t<meta property=\"og:image:width\" content=\"510\" \/>\n\t<meta property=\"og:image:height\" content=\"907\" \/>\n\t<meta property=\"og:image:type\" content=\"image\/png\" \/>\n<meta name=\"twitter:card\" content=\"summary_large_image\" \/>\n<meta name=\"twitter:site\" content=\"@TerreMarchesato\" \/>\n<meta name=\"twitter:label1\" content=\"Gesch\u00e4tzte Lesezeit\" \/>\n\t<meta name=\"twitter:data1\" content=\"1 Minute\" \/>\n<script type=\"application\/ld+json\" class=\"yoast-schema-graph\">{\"@context\":\"https:\/\/schema.org\",\"@graph\":[{\"@type\":\"WebPage\",\"@id\":\"https:\/\/www.terredelmarchesato.com\/de\/prodotto\/korkenzieher-mit-klinge\/\",\"url\":\"https:\/\/www.terredelmarchesato.com\/de\/prodotto\/korkenzieher-mit-klinge\/\",\"name\":\"Korkenzieher mit Klinge - Terre del Marchesato\",\"isPartOf\":{\"@id\":\"https:\/\/www.terredelmarchesato.com\/#website\"},\"datePublished\":\"2023-12-12T11:41:29+00:00\",\"dateModified\":\"2023-12-29T15:20:04+00:00\",\"breadcrumb\":{\"@id\":\"https:\/\/www.terredelmarchesato.com\/de\/prodotto\/korkenzieher-mit-klinge\/#breadcrumb\"},\"inLanguage\":\"de-DE\",\"potentialAction\":[{\"@type\":\"ReadAction\",\"target\":[\"https:\/\/www.terredelmarchesato.com\/de\/prodotto\/korkenzieher-mit-klinge\/\"]}]},{\"@type\":\"BreadcrumbList\",\"@id\":\"https:\/\/www.terredelmarchesato.com\/de\/prodotto\/korkenzieher-mit-klinge\/#breadcrumb\",\"itemListElement\":[{\"@type\":\"ListItem\",\"position\":1,\"name\":\"Shop\",\"item\":\"https:\/\/www.terredelmarchesato.com\/de\/shop\/\"},{\"@type\":\"ListItem\",\"position\":2,\"name\":\"Accessori\",\"item\":\"https:\/\/www.terredelmarchesato.com\/categoria-prodotto\/accessori\/\"},{\"@type\":\"ListItem\",\"position\":3,\"name\":\"Korkenzieher mit Klinge\"}]},{\"@type\":\"WebSite\",\"@id\":\"https:\/\/www.terredelmarchesato.com\/#website\",\"url\":\"https:\/\/www.terredelmarchesato.com\/\",\"name\":\"Terre del Marchesato\",\"description\":\"Famiglia Fuselli - Bolgheri\",\"potentialAction\":[{\"@type\":\"SearchAction\",\"target\":{\"@type\":\"EntryPoint\",\"urlTemplate\":\"https:\/\/www.terredelmarchesato.com\/?s={search_term_string}\"},\"query-input\":\"required name=search_term_string\"}],\"inLanguage\":\"de-DE\"}]}<\/script>\n<!-- \/ Yoast SEO plugin. -->","yoast_head_json":{"title":"Korkenzieher mit Klinge - Terre del Marchesato","robots":{"index":"index","follow":"follow","max-snippet":"max-snippet:-1","max-image-preview":"max-image-preview:large","max-video-preview":"max-video-preview:-1"},"canonical":"https:\/\/www.terredelmarchesato.com\/de\/prodotto\/korkenzieher-mit-klinge\/","og_locale":"de_DE","og_type":"article","og_title":"Korkenzieher mit Klinge - Terre del Marchesato","og_description":"Unverzichtbar zum \u00d6ffnen einer Vintage-Flasche","og_url":"https:\/\/www.terredelmarchesato.com\/de\/prodotto\/korkenzieher-mit-klinge\/","og_site_name":"Terre del Marchesato","article_publisher":"https:\/\/www.facebook.com\/terredelmarchesato\/","article_modified_time":"2023-12-29T15:20:04+00:00","og_image":[{"width":510,"height":907,"url":"https:\/\/www.terredelmarchesato.com\/wp-content\/uploads\/2023\/12\/Cavatappi_lame.png","type":"image\/png"}],"twitter_card":"summary_large_image","twitter_site":"@TerreMarchesato","twitter_misc":{"Gesch\u00e4tzte Lesezeit":"1 Minute"},"schema":{"@context":"https:\/\/schema.org","@graph":[{"@type":"WebPage","@id":"https:\/\/www.terredelmarchesato.com\/de\/prodotto\/korkenzieher-mit-klinge\/","url":"https:\/\/www.terredelmarchesato.com\/de\/prodotto\/korkenzieher-mit-klinge\/","name":"Korkenzieher mit Klinge - Terre del Marchesato","isPartOf":{"@id":"https:\/\/www.terredelmarchesato.com\/#website"},"datePublished":"2023-12-12T11:41:29+00:00","dateModified":"2023-12-29T15:20:04+00:00","breadcrumb":{"@id":"https:\/\/www.terredelmarchesato.com\/de\/prodotto\/korkenzieher-mit-klinge\/#breadcrumb"},"inLanguage":"de-DE","potentialAction":[{"@type":"ReadAction","target":["https:\/\/www.terredelmarchesato.com\/de\/prodotto\/korkenzieher-mit-klinge\/"]}]},{"@type":"BreadcrumbList","@id":"https:\/\/www.terredelmarchesato.com\/de\/prodotto\/korkenzieher-mit-klinge\/#breadcrumb","itemListElement":[{"@type":"ListItem","position":1,"name":"Shop","item":"https:\/\/www.terredelmarchesato.com\/de\/shop\/"},{"@type":"ListItem","position":2,"name":"Accessori","item":"https:\/\/www.terredelmarchesato.com\/categoria-prodotto\/accessori\/"},{"@type":"ListItem","position":3,"name":"Korkenzieher mit Klinge"}]},{"@type":"WebSite","@id":"https:\/\/www.terredelmarchesato.com\/#website","url":"https:\/\/www.terredelmarchesato.com\/","name":"Terre del Marchesato","description":"Famiglia Fuselli - Bolgheri","potentialAction":[{"@type":"SearchAction","target":{"@type":"EntryPoint","urlTemplate":"https:\/\/www.terredelmarchesato.com\/?s={search_term_string}"},"query-input":"required name=search_term_string"}],"inLanguage":"de-DE"}]}},"_links":{"self":[{"href":"https:\/\/www.terredelmarchesato.com\/de\/wp-json\/wp\/v2\/product\/8889"}],"collection":[{"href":"https:\/\/www.terredelmarchesato.com\/de\/wp-json\/wp\/v2\/product"}],"about":[{"href":"https:\/\/www.terredelmarchesato.com\/de\/wp-json\/wp\/v2\/types\/product"}],"wp:featuredmedia":[{"embeddable":true,"href":"https:\/\/www.terredelmarchesato.com\/de\/wp-json\/wp\/v2\/media\/8883"}],"wp:attachment":[{"href":"https:\/\/www.terredelmarchesato.com\/de\/wp-json\/wp\/v2\/media?parent=8889"}],"wp:term":[{"taxonomy":"product_cat","embeddable":true,"href":"https:\/\/www.terredelmarchesato.com\/de\/wp-json\/wp\/v2\/product_cat?post=8889"},{"taxonomy":"product_tag","embeddable":true,"href":"https:\/\/www.terredelmarchesato.com\/de\/wp-json\/wp\/v2\/product_tag?post=8889"}],"curies":[{"name":"wp","href":"https:\/\/api.w.org\/{rel}","templated":true}]}}